
{"id":20,"date":"2025-04-03T19:46:27","date_gmt":"2025-04-03T19:46:27","guid":{"rendered":"https:\/\/shop.tomatetim.de\/index.php\/versandarten\/"},"modified":"2025-04-06T18:48:54","modified_gmt":"2025-04-06T18:48:54","slug":"versandarten","status":"publish","type":"page","link":"https:\/\/bold-rhodes.82-29-5-5.plesk.page\/index.php\/versandarten\/","title":{"rendered":"Versandarten"},"content":{"rendered":"<p><strong>VERSAND<\/strong><\/p><p><strong>Wie hoch sind die Versandkosten?<\/strong><\/p><p>\u2013 Alle Preise sind Endpreise, sie enthalten die gesetzliche Mehrwertsteuer<br>\u2013 Versand innerhalb Deutschlands ist pauschal: 5,99 Euro Versandkosten pro Bestellung<br>\u2013 Versand nach \u00d6sterreich ist pauschal: 12,99 Euro Versandkosten pro Bestellung<br>\u2013 Versand in die Schweiz\u00a0 ist pauschal: 24,99 Euro Versandkosten pro Bestellung<br>\u2013\u00a0Die R\u00fccksendekosten, unabh\u00e4ngig vom Warenwert, werden vom Kunden getragen<\/p><p><strong>Meine Ware ist besch\u00e4digt, oder wurde unvollst\u00e4ndig\/falsch geliefert. Was tun?<\/strong><\/p><p>Melden Sie sich bitte direkt bei uns unter&nbsp;<a href=\"mailto:support@pein-gbr.de\">support@pein-gbr.de<\/a>. Selbstverst\u00e4ndlich tauschen wir Ihnen die Ware gern um. Der Kunde steht nat\u00fcrlich an erster Stelle.<\/p><p><strong>Wie l\u00e4uft die R\u00fccksendung ab?<\/strong><\/p><p>Selbstverst\u00e4ndlich k\u00f6nnen Sie die Ware mit Wunsch auf Umtausch oder R\u00fcckerstattung des Kaufbetrags an uns zur\u00fcckschicken.<\/p><p>Pein GbR<br>K\u00e4the-Kollwitz-Weg 24<br>23558 L\u00fcbeck<br>Deutschland<\/p><p>Bitte beachten Sie, dass wir die R\u00fccksendekosten nur dann \u00fcbernehmen k\u00f6nnen, wenn ein Fehler unsererseits vorliegt. Sollte dies der Fall sein, kontaktieren Sie uns bitte unter&nbsp;<a href=\"mailto:support@pein-gbr.de\">support@pein-gbr.de<\/a>.<\/p><p><strong>Wie lange dauert der Versand f\u00fcr gew\u00f6hnlich?<\/strong><\/p><p>Unser Anspruch besteht darin, die Ware binnen 3-10 Werktagen nach Bestellung zu versenden. Bitte achten Sie unbedingt auf die angegebene Lieferzeit und haben Sie Verst\u00e4ndnis daf\u00fcr, wenn wir diese nicht immer hundertprozentig einhalten k\u00f6nnen. In der Ruhe liegt die Kraft!<\/p><p><strong>Ich m\u00f6chte meine Bestellung stornieren. Was muss ich tun?<\/strong><\/p><p>Wenn Sie eine get\u00e4tigte Bestellung stornieren m\u00f6chten, schicken Sie uns bitte eine E-Mail an&nbsp;<a href=\"mailto:support@pein-gbr.de\">support@pein-gbr.de<\/a>. Der zust\u00e4ndige Mitarbeiter wird dann schnellstm\u00f6glich Kontakt zu Ihnen aufnehmen.<\/p>","protected":false},"excerpt":{"rendered":"<p>VERSAND Wie hoch sind die Versandkosten? \u2013 Alle Preise sind Endpreise, sie enthalten die gesetzliche Mehrwertsteuer\u2013 Versand innerhalb Deutschlands ist pauschal: 5,99 Euro Versandkosten pro Bestellung\u2013 Versand nach \u00d6sterreich ist pauschal: 12,99 Euro Versandkosten pro Bestellung\u2013 Versand in die Schweiz\u00a0 ist pauschal: 24,99 Euro Versandkosten pro Bestellung\u2013\u00a0Die R\u00fccksendekosten, unabh\u00e4ngig vom Warenwert, werden vom Kunden getragen [&hellip;]<\/p>\n","protected":false},"author":1,"featured_media":0,"parent":0,"menu_order":0,"comment_status":"closed","ping_status":"closed","template":"","meta":{"_et_pb_use_builder":"off","_et_pb_old_content":"","_et_gb_content_width":"","footnotes":"","_links_to":"","_links_to_target":""},"class_list":["post-20","page","type-page","status-publish","hentry"],"_links":{"self":[{"href":"https:\/\/bold-rhodes.82-29-5-5.plesk.page\/index.php\/wp-json\/wp\/v2\/pages\/20","targetHints":{"allow":["GET"]}}],"collection":[{"href":"https:\/\/bold-rhodes.82-29-5-5.plesk.page\/index.php\/wp-json\/wp\/v2\/pages"}],"about":[{"href":"https:\/\/bold-rhodes.82-29-5-5.plesk.page\/index.php\/wp-json\/wp\/v2\/types\/page"}],"author":[{"embeddable":true,"href":"https:\/\/bold-rhodes.82-29-5-5.plesk.page\/index.php\/wp-json\/wp\/v2\/users\/1"}],"replies":[{"embeddable":true,"href":"https:\/\/bold-rhodes.82-29-5-5.plesk.page\/index.php\/wp-json\/wp\/v2\/comments?post=20"}],"version-history":[{"count":4,"href":"https:\/\/bold-rhodes.82-29-5-5.plesk.page\/index.php\/wp-json\/wp\/v2\/pages\/20\/revisions"}],"predecessor-version":[{"id":163,"href":"https:\/\/bold-rhodes.82-29-5-5.plesk.page\/index.php\/wp-json\/wp\/v2\/pages\/20\/revisions\/163"}],"wp:attachment":[{"href":"https:\/\/bold-rhodes.82-29-5-5.plesk.page\/index.php\/wp-json\/wp\/v2\/media?parent=20"}],"curies":[{"name":"wp","href":"https:\/\/api.w.org\/{rel}","templated":true}]}}