
{"id":137,"date":"2025-04-06T14:45:53","date_gmt":"2025-04-06T14:45:53","guid":{"rendered":"https:\/\/shop.tomatetim.de\/?post_type=product&#038;p=137"},"modified":"2025-05-18T20:43:53","modified_gmt":"2025-05-18T20:43:53","slug":"cb-ausrasten-community-pullover","status":"publish","type":"product","link":"https:\/\/bold-rhodes.82-29-5-5.plesk.page\/index.php\/produkt\/cb-ausrasten-community-pullover\/","title":{"rendered":"CB-Ausrasten Community Pullover"},"content":{"rendered":"<p>Unisex Hoodie Schwarz in verschiedenen Gr\u00f6\u00dfen<\/p>\n<ul>\n<li>Aufdruck CBAusrasten Logo auf der linken Brustseite und auf dem R\u00fccken<\/li>\n<li>Kapuze mit Tunnelzug und Kordel<\/li>\n<li>Aufgesetzte K\u00e4ngurutasche vorn<\/li>\n<\/ul>\n","protected":false},"excerpt":{"rendered":"<p>Unisex Hoodie Schwarz in verschiedenen Gr\u00f6\u00dfen Aufdruck CBAusrasten Logo auf der linken Brustseite und auf dem R\u00fccken Kapuze mit Tunnelzug und Kordel Aufgesetzte K\u00e4ngurutasche vorn<\/p>\n","protected":false},"featured_media":279,"comment_status":"closed","ping_status":"closed","template":"","meta":{"_et_pb_use_builder":"off","_et_pb_old_content":"Ein cooles Community T-Shirt im CB-Ausrasten Design. Einfach der Knaller!","_et_gb_content_width":"","_links_to":"","_links_to_target":""},"product_brand":[],"product_cat":[40],"product_tag":[],"class_list":{"0":"post-137","1":"product","2":"type-product","3":"status-publish","4":"has-post-thumbnail","6":"product_cat-pullover","8":"first","9":"instock","10":"taxable","11":"shipping-taxable","12":"purchasable","13":"product-type-variable"},"_links":{"self":[{"href":"https:\/\/bold-rhodes.82-29-5-5.plesk.page\/index.php\/wp-json\/wp\/v2\/product\/137","targetHints":{"allow":["GET"]}}],"collection":[{"href":"https:\/\/bold-rhodes.82-29-5-5.plesk.page\/index.php\/wp-json\/wp\/v2\/product"}],"about":[{"href":"https:\/\/bold-rhodes.82-29-5-5.plesk.page\/index.php\/wp-json\/wp\/v2\/types\/product"}],"replies":[{"embeddable":true,"href":"https:\/\/bold-rhodes.82-29-5-5.plesk.page\/index.php\/wp-json\/wp\/v2\/comments?post=137"}],"wp:featuredmedia":[{"embeddable":true,"href":"https:\/\/bold-rhodes.82-29-5-5.plesk.page\/index.php\/wp-json\/wp\/v2\/media\/279"}],"wp:attachment":[{"href":"https:\/\/bold-rhodes.82-29-5-5.plesk.page\/index.php\/wp-json\/wp\/v2\/media?parent=137"}],"wp:term":[{"taxonomy":"product_brand","embeddable":true,"href":"https:\/\/bold-rhodes.82-29-5-5.plesk.page\/index.php\/wp-json\/wp\/v2\/product_brand?post=137"},{"taxonomy":"product_cat","embeddable":true,"href":"https:\/\/bold-rhodes.82-29-5-5.plesk.page\/index.php\/wp-json\/wp\/v2\/product_cat?post=137"},{"taxonomy":"product_tag","embeddable":true,"href":"https:\/\/bold-rhodes.82-29-5-5.plesk.page\/index.php\/wp-json\/wp\/v2\/product_tag?post=137"}],"curies":[{"name":"wp","href":"https:\/\/api.w.org\/{rel}","templated":true}]}}