
{"id":157,"date":"2025-04-06T14:51:19","date_gmt":"2025-04-06T14:51:19","guid":{"rendered":"https:\/\/shop.tomatetim.de\/?post_type=product&#038;p=157"},"modified":"2025-05-18T20:42:59","modified_gmt":"2025-05-18T20:42:59","slug":"cb-ausrasten-community-tasse","status":"publish","type":"product","link":"https:\/\/bold-rhodes.82-29-5-5.plesk.page\/index.php\/produkt\/cb-ausrasten-community-tasse\/","title":{"rendered":"CB-Ausrasten Community Tasse"},"content":{"rendered":"<p>Tasse Wei\u00df<\/p>\n<ul>\n<li>Tasse aus hochwertiger Keramik<\/li>\n<li>CBAusrasten Logo vorne<\/li>\n<li>Sp\u00fclmaschinengeeignet<\/li>\n<li>Kratzfester und UV-best\u00e4ndiger Druck<\/li>\n<\/ul>\n","protected":false},"excerpt":{"rendered":"<p>Tasse Wei\u00df Tasse aus hochwertiger Keramik CBAusrasten Logo vorne Sp\u00fclmaschinengeeignet Kratzfester und UV-best\u00e4ndiger Druck<\/p>\n","protected":false},"featured_media":276,"comment_status":"closed","ping_status":"closed","template":"","meta":{"_et_pb_use_builder":"off","_et_pb_old_content":"Ein cooles Community T-Shirt im CB-Ausrasten Design. Einfach der Knaller!","_et_gb_content_width":"","_links_to":"","_links_to_target":""},"product_brand":[],"product_cat":[42,43],"product_tag":[],"class_list":{"0":"post-157","1":"product","2":"type-product","3":"status-publish","4":"has-post-thumbnail","6":"product_cat-haushalt","7":"product_cat-tassen","9":"first","10":"instock","11":"taxable","12":"shipping-taxable","13":"purchasable","14":"product-type-simple"},"_links":{"self":[{"href":"https:\/\/bold-rhodes.82-29-5-5.plesk.page\/index.php\/wp-json\/wp\/v2\/product\/157","targetHints":{"allow":["GET"]}}],"collection":[{"href":"https:\/\/bold-rhodes.82-29-5-5.plesk.page\/index.php\/wp-json\/wp\/v2\/product"}],"about":[{"href":"https:\/\/bold-rhodes.82-29-5-5.plesk.page\/index.php\/wp-json\/wp\/v2\/types\/product"}],"replies":[{"embeddable":true,"href":"https:\/\/bold-rhodes.82-29-5-5.plesk.page\/index.php\/wp-json\/wp\/v2\/comments?post=157"}],"wp:featuredmedia":[{"embeddable":true,"href":"https:\/\/bold-rhodes.82-29-5-5.plesk.page\/index.php\/wp-json\/wp\/v2\/media\/276"}],"wp:attachment":[{"href":"https:\/\/bold-rhodes.82-29-5-5.plesk.page\/index.php\/wp-json\/wp\/v2\/media?parent=157"}],"wp:term":[{"taxonomy":"product_brand","embeddable":true,"href":"https:\/\/bold-rhodes.82-29-5-5.plesk.page\/index.php\/wp-json\/wp\/v2\/product_brand?post=157"},{"taxonomy":"product_cat","embeddable":true,"href":"https:\/\/bold-rhodes.82-29-5-5.plesk.page\/index.php\/wp-json\/wp\/v2\/product_cat?post=157"},{"taxonomy":"product_tag","embeddable":true,"href":"https:\/\/bold-rhodes.82-29-5-5.plesk.page\/index.php\/wp-json\/wp\/v2\/product_tag?post=157"}],"curies":[{"name":"wp","href":"https:\/\/api.w.org\/{rel}","templated":true}]}}