
{"id":313,"date":"2025-05-27T21:13:14","date_gmt":"2025-05-27T21:13:14","guid":{"rendered":"https:\/\/shop.tomatetim.de\/?post_type=product&#038;p=313"},"modified":"2025-05-31T01:02:01","modified_gmt":"2025-05-31T01:02:01","slug":"cb-ausrasten-community-rucksack","status":"publish","type":"product","link":"https:\/\/bold-rhodes.82-29-5-5.plesk.page\/index.php\/produkt\/cb-ausrasten-community-rucksack\/","title":{"rendered":"CB-Ausrasten Community Rucksack"},"content":{"rendered":"<p>Rucksach Schwarz<\/p>\n<ul>\n<li>Aufdruck CBAusrasten Logo auf der vorderen Tasche<\/li>\n<li>Hauptfach mit Doppelrei\u00dfverschluss und aufgesetzte Rei\u00dfverschluss-Fronttasche<\/li>\n<li>Praktischer Kopfh\u00f6rerausgang f\u00fcr sicheres Transportieren von MP3-Player oder iPod w\u00e4hrend des Musikh\u00f6rens<\/li>\n<li>Fassungsverm\u00f6gen: 15,7 Liter<\/li>\n<li>Material: 100% Polyester<\/li>\n<\/ul>\n","protected":false},"excerpt":{"rendered":"<p>Rucksach Schwarz Aufdruck CBAusrasten Logo auf der vorderen Tasche Hauptfach mit Doppelrei\u00dfverschluss und aufgesetzte Rei\u00dfverschluss-Fronttasche Praktischer Kopfh\u00f6rerausgang f\u00fcr sicheres Transportieren von MP3-Player oder iPod w\u00e4hrend des Musikh\u00f6rens Fassungsverm\u00f6gen: 15,7 Liter Material: 100% Polyester<\/p>\n","protected":false},"featured_media":314,"comment_status":"closed","ping_status":"closed","template":"","meta":{"_et_pb_use_builder":"off","_et_pb_old_content":"Ein cooles Community T-Shirt im CB-Ausrasten Design. Einfach der Knaller!","_et_gb_content_width":"","_links_to":"","_links_to_target":""},"product_brand":[],"product_cat":[92,44],"product_tag":[],"class_list":{"0":"post-313","1":"product","2":"type-product","3":"status-publish","4":"has-post-thumbnail","6":"product_cat-rucksack","7":"product_cat-sonstiges","9":"first","10":"instock","11":"taxable","12":"shipping-taxable","13":"purchasable","14":"product-type-simple"},"_links":{"self":[{"href":"https:\/\/bold-rhodes.82-29-5-5.plesk.page\/index.php\/wp-json\/wp\/v2\/product\/313","targetHints":{"allow":["GET"]}}],"collection":[{"href":"https:\/\/bold-rhodes.82-29-5-5.plesk.page\/index.php\/wp-json\/wp\/v2\/product"}],"about":[{"href":"https:\/\/bold-rhodes.82-29-5-5.plesk.page\/index.php\/wp-json\/wp\/v2\/types\/product"}],"replies":[{"embeddable":true,"href":"https:\/\/bold-rhodes.82-29-5-5.plesk.page\/index.php\/wp-json\/wp\/v2\/comments?post=313"}],"wp:featuredmedia":[{"embeddable":true,"href":"https:\/\/bold-rhodes.82-29-5-5.plesk.page\/index.php\/wp-json\/wp\/v2\/media\/314"}],"wp:attachment":[{"href":"https:\/\/bold-rhodes.82-29-5-5.plesk.page\/index.php\/wp-json\/wp\/v2\/media?parent=313"}],"wp:term":[{"taxonomy":"product_brand","embeddable":true,"href":"https:\/\/bold-rhodes.82-29-5-5.plesk.page\/index.php\/wp-json\/wp\/v2\/product_brand?post=313"},{"taxonomy":"product_cat","embeddable":true,"href":"https:\/\/bold-rhodes.82-29-5-5.plesk.page\/index.php\/wp-json\/wp\/v2\/product_cat?post=313"},{"taxonomy":"product_tag","embeddable":true,"href":"https:\/\/bold-rhodes.82-29-5-5.plesk.page\/index.php\/wp-json\/wp\/v2\/product_tag?post=313"}],"curies":[{"name":"wp","href":"https:\/\/api.w.org\/{rel}","templated":true}]}}