
{"id":35,"date":"2025-04-03T21:04:26","date_gmt":"2025-04-03T21:04:26","guid":{"rendered":"https:\/\/shop.tomatetim.de\/?post_type=product&#038;p=35"},"modified":"2025-05-18T20:44:16","modified_gmt":"2025-05-18T20:44:16","slug":"cb-ausrasten-community-t-shirt","status":"publish","type":"product","link":"https:\/\/bold-rhodes.82-29-5-5.plesk.page\/index.php\/produkt\/cb-ausrasten-community-t-shirt\/","title":{"rendered":"CB-Ausrasten Community T-Shirt"},"content":{"rendered":"<p>Unisex T-Shirt Schwarz in verschiedenen Gr\u00f6\u00dfen<\/p>\n<ul>\n<li>Aufdruck CBAusrasten Logo auf der linken Brustseite und auf dem R\u00fccken<\/li>\n<li>Hochwertige Verarbeitung: doppelte N\u00e4hte an den S\u00e4umen<\/li>\n<li>Zeitloser und eleganter Stil, ideal f\u00fcr Freizeit oder Community-Treffen<\/li>\n<\/ul>\n","protected":false},"excerpt":{"rendered":"<p>Unisex T-Shirt Schwarz in verschiedenen Gr\u00f6\u00dfen Aufdruck CBAusrasten Logo auf der linken Brustseite und auf dem R\u00fccken Hochwertige Verarbeitung: doppelte N\u00e4hte an den S\u00e4umen Zeitloser und eleganter Stil, ideal f\u00fcr Freizeit oder Community-Treffen<\/p>\n","protected":false},"featured_media":281,"comment_status":"closed","ping_status":"closed","template":"","meta":{"_et_pb_use_builder":"off","_et_pb_old_content":"Ein cooles Community T-Shirt im CB-Ausrasten Design. Einfach der Knaller!","_et_gb_content_width":"","_links_to":"","_links_to_target":""},"product_brand":[],"product_cat":[39],"product_tag":[],"class_list":{"0":"post-35","1":"product","2":"type-product","3":"status-publish","4":"has-post-thumbnail","6":"product_cat-t-shirts","8":"first","9":"instock","10":"taxable","11":"shipping-taxable","12":"purchasable","13":"product-type-variable"},"_links":{"self":[{"href":"https:\/\/bold-rhodes.82-29-5-5.plesk.page\/index.php\/wp-json\/wp\/v2\/product\/35","targetHints":{"allow":["GET"]}}],"collection":[{"href":"https:\/\/bold-rhodes.82-29-5-5.plesk.page\/index.php\/wp-json\/wp\/v2\/product"}],"about":[{"href":"https:\/\/bold-rhodes.82-29-5-5.plesk.page\/index.php\/wp-json\/wp\/v2\/types\/product"}],"replies":[{"embeddable":true,"href":"https:\/\/bold-rhodes.82-29-5-5.plesk.page\/index.php\/wp-json\/wp\/v2\/comments?post=35"}],"wp:featuredmedia":[{"embeddable":true,"href":"https:\/\/bold-rhodes.82-29-5-5.plesk.page\/index.php\/wp-json\/wp\/v2\/media\/281"}],"wp:attachment":[{"href":"https:\/\/bold-rhodes.82-29-5-5.plesk.page\/index.php\/wp-json\/wp\/v2\/media?parent=35"}],"wp:term":[{"taxonomy":"product_brand","embeddable":true,"href":"https:\/\/bold-rhodes.82-29-5-5.plesk.page\/index.php\/wp-json\/wp\/v2\/product_brand?post=35"},{"taxonomy":"product_cat","embeddable":true,"href":"https:\/\/bold-rhodes.82-29-5-5.plesk.page\/index.php\/wp-json\/wp\/v2\/product_cat?post=35"},{"taxonomy":"product_tag","embeddable":true,"href":"https:\/\/bold-rhodes.82-29-5-5.plesk.page\/index.php\/wp-json\/wp\/v2\/product_tag?post=35"}],"curies":[{"name":"wp","href":"https:\/\/api.w.org\/{rel}","templated":true}]}}